{"id":7,"date":"2025-07-31T17:41:17","date_gmt":"2025-07-31T17:41:17","guid":{"rendered":"http:\/\/www.sportacus.fi\/?page_id=7"},"modified":"2025-07-31T17:44:11","modified_gmt":"2025-07-31T17:44:11","slug":"sportacus-fi","status":"publish","type":"page","link":"http:\/\/www.sportacus.fi\/?page_id=7","title":{"rendered":"Sportacus.fi"},"content":{"rendered":"\n<p><\/p>\n\n\n\n<p><\/p>\n\n\n\n<p><\/p>\n\n\n\n<div class=\"wp-block-group alignfull has-global-padding is-layout-constrained wp-block-group-is-layout-constrained\" style=\"margin-top:0;margin-bottom:0\">\n<div class=\"wp-block-columns alignfull is-layout-flex wp-container-core-columns-is-layout-9c22b1e3 wp-block-columns-is-layout-flex\">\n<div class=\"wp-block-column is-layout-flow wp-block-column-is-layout-flow\" style=\"flex-basis:55%\">\n<div style=\"aspect-ratio:1;min-height:unset;\" class=\"wp-block-cover is-light has-aspect-ratio\"><span aria-hidden=\"true\" class=\"wp-block-cover__background has-background-dim-0 has-background-dim\" style=\"background-color:#e0c1ba\"><\/span><img loading=\"lazy\" decoding=\"async\" width=\"640\" height=\"640\" src=\"http:\/\/www.sportacus.fi\/wp-content\/uploads\/2025\/07\/cda656a2-c52e-4eb6-ae04-c247ad5a9dca.jpeg\" class=\"wp-block-cover__image-background wp-post-image\" alt=\"\" data-object-fit=\"cover\" srcset=\"http:\/\/www.sportacus.fi\/wp-content\/uploads\/2025\/07\/cda656a2-c52e-4eb6-ae04-c247ad5a9dca.jpeg 640w, http:\/\/www.sportacus.fi\/wp-content\/uploads\/2025\/07\/cda656a2-c52e-4eb6-ae04-c247ad5a9dca-300x300.jpeg 300w, http:\/\/www.sportacus.fi\/wp-content\/uploads\/2025\/07\/cda656a2-c52e-4eb6-ae04-c247ad5a9dca-150x150.jpeg 150w\" sizes=\"auto, (max-width: 640px) 100vw, 640px\" \/><div class=\"wp-block-cover__inner-container is-layout-flow wp-block-cover-is-layout-flow\">\n<div style=\"height:var(--wp--preset--spacing--20)\" aria-hidden=\"true\" class=\"wp-block-spacer\"><\/div>\n<\/div><\/div>\n<\/div>\n\n\n\n<div class=\"wp-block-column is-vertically-aligned-center is-layout-flow wp-block-column-is-layout-flow\" style=\"padding-top:var(--wp--preset--spacing--60);padding-right:var(--wp--preset--spacing--60);padding-bottom:var(--wp--preset--spacing--60);padding-left:var(--wp--preset--spacing--60)\">\n<h2 class=\"wp-block-heading has-xx-large-font-size\">Ompelimo KukkuRuu<\/h2>\n\n\n\n<p>Vankalla ammattitaidolla, korjausompelua ja <\/p>\n\n\n\n<p>tekstiilipainoa Nurmij\u00e4rvelt\u00e4.<\/p>\n\n\n\n<p class=\"has-medium-font-size\">T\u00e4m\u00e4 sivu on l\u00e4hinn\u00e4 s\u00e4hk\u00f6postia varten ja saattaa valmistua joskus.<\/p>\n\n\n\n<p>Ota yhteytt\u00e4: <a href=\"mailto:asiakaspalvelu@sportacus.fi\">asiakaspalvelu@sportacus.fi<\/a><\/p>\n<\/div>\n<\/div>\n<\/div>\n\n\n\n<div class=\"wp-block-group alignfull has-global-padding is-layout-constrained wp-container-core-group-is-layout-54af5b55 wp-block-group-is-layout-constrained\" style=\"margin-top:0;margin-bottom:0;padding-top:var(--wp--preset--spacing--60);padding-bottom:var(--wp--preset--spacing--60)\">\n<h2 class=\"wp-block-heading alignwide has-text-align-center has-x-large-font-size\"><\/h2>\n<\/div>\n","protected":false},"excerpt":{"rendered":"<p>Ompelimo KukkuRuu Vankalla ammattitaidolla, korjausompelua ja tekstiilipainoa Nurmij\u00e4rvelt\u00e4. T\u00e4m\u00e4 sivu on l\u00e4hinn\u00e4 s\u00e4hk\u00f6postia varten ja saattaa valmistua joskus. Ota yhteytt\u00e4: asiakaspalvelu@sportacus.fi<\/p>\n","protected":false},"author":1,"featured_media":8,"parent":0,"menu_order":0,"comment_status":"closed","ping_status":"closed","template":"","meta":{"footnotes":""},"class_list":["post-7","page","type-page","status-publish","has-post-thumbnail","hentry"],"_links":{"self":[{"href":"http:\/\/www.sportacus.fi\/index.php?rest_route=\/wp\/v2\/pages\/7","targetHints":{"allow":["GET"]}}],"collection":[{"href":"http:\/\/www.sportacus.fi\/index.php?rest_route=\/wp\/v2\/pages"}],"about":[{"href":"http:\/\/www.sportacus.fi\/index.php?rest_route=\/wp\/v2\/types\/page"}],"author":[{"embeddable":true,"href":"http:\/\/www.sportacus.fi\/index.php?rest_route=\/wp\/v2\/users\/1"}],"replies":[{"embeddable":true,"href":"http:\/\/www.sportacus.fi\/index.php?rest_route=%2Fwp%2Fv2%2Fcomments&post=7"}],"version-history":[{"count":4,"href":"http:\/\/www.sportacus.fi\/index.php?rest_route=\/wp\/v2\/pages\/7\/revisions"}],"predecessor-version":[{"id":14,"href":"http:\/\/www.sportacus.fi\/index.php?rest_route=\/wp\/v2\/pages\/7\/revisions\/14"}],"wp:featuredmedia":[{"embeddable":true,"href":"http:\/\/www.sportacus.fi\/index.php?rest_route=\/wp\/v2\/media\/8"}],"wp:attachment":[{"href":"http:\/\/www.sportacus.fi\/index.php?rest_route=%2Fwp%2Fv2%2Fmedia&parent=7"}],"curies":[{"name":"wp","href":"https:\/\/api.w.org\/{rel}","templated":true}]}}